{"id":3409,"date":"2023-07-07T10:45:24","date_gmt":"2023-07-07T08:45:24","guid":{"rendered":"https:\/\/glaucomaitalia.pdsstaging.com\/?page_id=3409"},"modified":"2023-07-07T10:47:52","modified_gmt":"2023-07-07T08:47:52","slug":"perche-glaucoma-italia","status":"publish","type":"page","link":"https:\/\/glaucomaitalia.it\/index.php\/perche-glaucoma-italia\/","title":{"rendered":"Perch\u00e9 Glaucoma Italia"},"content":{"rendered":"\t\t<div data-elementor-type=\"wp-page\" data-elementor-id=\"3409\" class=\"elementor elementor-3409\">\n\t\t\t\t\t\t\t\t\t<section class=\"elementor-section elementor-top-section elementor-element elementor-element-cb9364c elementor-section-boxed elementor-section-height-default elementor-section-height-default\" data-id=\"cb9364c\" data-element_type=\"section\">\n\t\t\t\t\t\t<div class=\"elementor-container elementor-column-gap-default\">\n\t\t\t\t\t<div class=\"elementor-column elementor-col-100 elementor-top-column elementor-element elementor-element-5049dae\" data-id=\"5049dae\" data-element_type=\"column\">\n\t\t\t<div class=\"elementor-widget-wrap\">\n\t\t\t\t\t\t\t\t\t<\/div>\n\t\t<\/div>\n\t\t\t\t\t\t\t<\/div>\n\t\t<\/section>\n\t\t\t\t<section class=\"elementor-section elementor-top-section elementor-element elementor-element-d156908 elementor-section-boxed elementor-section-height-default elementor-section-height-default\" data-id=\"d156908\" data-element_type=\"section\">\n\t\t\t\t\t\t<div class=\"elementor-container elementor-column-gap-default\">\n\t\t\t\t\t<div class=\"elementor-column elementor-col-100 elementor-top-column elementor-element elementor-element-384bf06\" data-id=\"384bf06\" data-element_type=\"column\">\n\t\t\t<div class=\"elementor-widget-wrap elementor-element-populated\">\n\t\t\t\t\t\t\t\t<div class=\"elementor-element elementor-element-8feb319 elementor-widget elementor-widget-witr_section_title\" data-id=\"8feb319\" data-element_type=\"widget\" data-widget_type=\"witr_section_title.default\">\n\t\t\t\t<div class=\"elementor-widget-container\">\n\t\t\t\t\t\t\t\t<!-- title left -->\n\t\t\t\t\t<div class=\"witr_section_title\">\n\t\t\t\t\t\t<div class=\"witr_section_title_inner text-left\">\n\t\t\t\t\t\t\n\t\t\t\t\t\t\t<!-- icon position -->\n\t\t\t\t\t\t\t\t\n\t\t\t\t\t\t\t<!-- end icon position -->\n\t\t\t\t\t\t\n\t\t\t\t\t\t\n\t\t\t\t\t\t\t<!-- title top -->\n\t\t\t\t\t\t\t\n\t\t\t\t\t\t\t<!-- icon position -->\n\t\t\t\t\t\t\t\t\n\t\t\t\t\t\t\t<!-- end icon position -->\n\n\t\t\t\t\t\t\t\n\t\t\t\t\t\t\t<!-- title middle -->\n\t\t\t\t\t\t\t\t\t\t\t\t\t\t\t<h3>Benvenuto \u2026 navigatore dell'etere, curioso od interessato al Glaucoma, forse paziente affetto dal Glaucoma \u2026 <br>Vorresti sapere \u2026 Perch\u00e9 GlaucomaItalia \u2026 ?\n<\/h3>\t\t\n\t\t\t\t\t\t\t\t\t\t\t\t\t\t<!-- title bottom -->\n\t\t\t\t\t\t\t\t\t\t\t\t\t\t\n\t\t\t\t\t\t\t<!-- icon position -->\n\t\t\t\t\t\t\t\t\t\t\t\t\t\t\n\t\t\t\t\t\t\t<!-- image -->\n\t\t\t\t\t\t\t\t\t\t\t\t\t\t<!-- icon -->\n\t\t\t\t\t\t\t\t\t\t\t\t\t\t\n\t\t\t\t\t\t\t<!-- bar -->\n\t\t\t\t\t\t\t\n\t\t\t\t\t\t\t\n\t\t\t\t\t\t\t\t\n\t\t\t\t\t\t\t<!-- end icon position -->\n\n\t\t\t\t\t\t\t<!-- content -->\n\t\t\t\t\t\t\t\t\t\t\t\t\t\t\t<p>\n\n<strong>Perch\u00e9<\/strong>\u00a0il\u00a0Glaucoma\u00a0\u00e8 una importante malattia oculare, della quale si parla molto \u2026 e molte volte in modo improprio \u2026 <br><br>\n\n<strong>Perch\u00e9<\/strong> il paziente con glaucoma spesso non si rende conto della presenza della malattia e del suo progredire \u2026 ritenendo quindi di non rischiare di andare incontro nel tempo alle irreversibili minorazioni visive tipiche del glaucoma \u2026 <br><br>\n\n<strong>Perch\u00e9<\/strong> \u2026 incredibilmente \u2026 nel 2023, in tutti i paesi del mondo occidentale, almeno il 50% di tutti pazienti affetti da Glaucoma sono inconsapevoli della presenza della malattia e non hanno mai avuto la corretta diagnosi della malattia \u2026 ed avrebbero bisogno del trattamento pi\u00f9 adeguato, medico o chirurgico, per evitare gli irreversibili danni visivi \u2026 <br><br>\n\n<strong>Perch\u00e9<\/strong> \u2026 incredibilmente \u2026 nel 2023 molti \"pazienti\" vengono trattati con farmaci antiglaucomatosi \u2026 quando non hanno il glaucoma ed il loro rischio di sviluppare glaucoma nel tempo e' bassissimo \u2026 ed il trattamento e' inutile o non necessario \u2026 <br><br>\n\n<strong>Perch\u00e9<\/strong> \u2026 incredibilmente \u2026 nel 2023 si vedono sempre pi\u00f9 spesso pazienti \"trascinati\" per anni con inefficaci trattamenti farmacologici \u2026 e con evidente, progressivo, irreversibile decadimento della funzione visiva \u2026 cui non e' mai stato indicata la necessit\u00e0 dell'intervento chirurgico \u2026 <br><br>\n\n<strong>Perch\u00e9<\/strong>  al paziente, spesso ignaro e non sufficientemente informato, vengono proposti ed eseguiti interventi chirurgici o parachirurgici la cui efficacia e validit\u00e0 non e' mai stata scientificamente e clinicamente provata \u2026 e che purtroppo possono poi interferire negativamente sull'efficacia di un appropriato secondo intervento chirurgico \u2026 <br><br>\n\n<strong>Perch\u00e9<\/strong> il paziente con Glaucoma ed il paziente che ha un rischio elevato di sviluppare Glaucoma vengono raramente informati delle problematiche pratiche di tale malattia \u2026 delle necessit\u00e0 diagnostiche necessarie per il monitoraggio della malattia nel tempo \u2026 delle problematiche legate al trattamento medico \u2026 e delle problematiche legate all'eventuale trattamento chirurgico \u2026 <br><br>\n\n<strong>Perch\u00e9<\/strong> a fronte del fiorire di sempre pi\u00f9 numerosi \"Centri di Eccellenza per la diagnosi e la cura del Glaucoma\" \u2026 e di sempre pi\u00f9 numerosi \"Esperti di Glaucoma\" \u2026 la realt\u00e0 quotidiana e' quella che hai appena letto \u2026 <br><br>\n\n<strong>Perch\u00e9<\/strong> \u2026 paziente glaucomatoso \u2026 ed individuo sano, non affetto da glaucoma, portatore di un \"presunto\" rischio elevato di sviluppare glaucoma \u2026 <br><br>\navete bisogno di essere\u00a0INFORMATI\u00a0\u2026 <br><br>\navete bisogno di essere\u00a0ALLERTATI\u00a0\u2026 <br><br>\navete bisogno di essere\u00a0RASSICURATI\u00a0\u2026<br><br>\navete bisogno di essere\u00a0ACCOMPAGNATI\u00a0nel tempo da chi pu\u00f2 darvi le pi\u00f9 appropriate risposte a tutte le vostre domande e le vostre esigenze, nel rispetto delle pi\u00f9 avanzate conoscenze clinico -\u00a0scientifiche nel campo del\u00a0Glaucoma\u00a0\u2026 <\/p>\t\t\n\t\t\t\t\t\t\t\t\t\t\t\t\t<\/div>\n\t\t\t\t\t\t\t<!-- inner title -->\n\t\t\t\t\t\t\t\t\t\t\t\t\t\n\t\t\t\t\t<\/div>\t\t\t\t\n\t\t\t\t\t\t<\/div>\n\t\t\t\t<\/div>\n\t\t\t\t\t<\/div>\n\t\t<\/div>\n\t\t\t\t\t\t\t<\/div>\n\t\t<\/section>\n\t\t\t\t\t\t\t<\/div>\n\t\t","protected":false},"excerpt":{"rendered":"<p>Benvenuto \u2026 navigatore dell&#8217;etere, curioso od interessato al Glaucoma, forse paziente affetto dal Glaucoma \u2026 Vorresti sapere \u2026 Perch\u00e9 GlaucomaItalia \u2026 ? Perch\u00e9\u00a0il\u00a0Glaucoma\u00a0\u00e8 una importante malattia oculare, della quale si parla molto \u2026 e molte volte in modo improprio \u2026 Perch\u00e9 il paziente con glaucoma spesso non si rende conto della presenza della malattia e [&hellip;]<\/p>\n","protected":false},"author":1,"featured_media":0,"parent":0,"menu_order":0,"comment_status":"closed","ping_status":"closed","template":"","meta":{"footnotes":""},"class_list":["post-3409","page","type-page","status-publish","hentry"],"_links":{"self":[{"href":"https:\/\/glaucomaitalia.it\/index.php\/wp-json\/wp\/v2\/pages\/3409","targetHints":{"allow":["GET"]}}],"collection":[{"href":"https:\/\/glaucomaitalia.it\/index.php\/wp-json\/wp\/v2\/pages"}],"about":[{"href":"https:\/\/glaucomaitalia.it\/index.php\/wp-json\/wp\/v2\/types\/page"}],"author":[{"embeddable":true,"href":"https:\/\/glaucomaitalia.it\/index.php\/wp-json\/wp\/v2\/users\/1"}],"replies":[{"embeddable":true,"href":"https:\/\/glaucomaitalia.it\/index.php\/wp-json\/wp\/v2\/comments?post=3409"}],"version-history":[{"count":4,"href":"https:\/\/glaucomaitalia.it\/index.php\/wp-json\/wp\/v2\/pages\/3409\/revisions"}],"predecessor-version":[{"id":3413,"href":"https:\/\/glaucomaitalia.it\/index.php\/wp-json\/wp\/v2\/pages\/3409\/revisions\/3413"}],"wp:attachment":[{"href":"https:\/\/glaucomaitalia.it\/index.php\/wp-json\/wp\/v2\/media?parent=3409"}],"curies":[{"name":"wp","href":"https:\/\/api.w.org\/{rel}","templated":true}]}}